{"id":1540,"date":"2025-05-05T08:30:35","date_gmt":"2025-05-05T08:30:35","guid":{"rendered":"https:\/\/iutrue.com\/?post_type=product&#038;p=1540"},"modified":"2025-05-05T08:30:36","modified_gmt":"2025-05-05T08:30:36","slug":"purchase-brand-smart-tv-service","status":"publish","type":"product","link":"https:\/\/iutrue.com\/de\/purchase-brand-smart-tv-service\/","title":{"rendered":"Kauf Marke Smart Tv Service"},"content":{"rendered":"<p>Wir haben einen guten Einkaufskanal in China etabliert und k\u00f6nnen die folgenden Markenprodukte f\u00fcr Sie kaufen, TCL Smart TV, Hisense Smart TV, Xiaomi Smart TV, Skyworth Smart TV, und die Marken-Elektronikprodukte, die Sie ben\u00f6tigen, sind alle echte Produkte von Markenherstellern mit legalen Einkaufsrechnungen gekauft.<\/p>","protected":false},"excerpt":{"rendered":"<p><span data-slate-node=\"text\"><span class=\"null hover-sent\" data-slate-leaf=\"true\" data-sent-id=\"eLbqbjE3nz\">Der internationale Einkauf chinesischer Fernsehger\u00e4te kann aufgrund regionaler Beschr\u00e4nkungen, logistischer H\u00fcrden oder begrenzter lokaler Unterst\u00fctzung eine Herausforderung darstellen. <\/span><\/span><span data-slate-node=\"text\"><span class=\"null\" data-slate-leaf=\"true\" data-sent-id=\"VdZbZvYdvB\">Unser Proxy-Service vereinfacht diesen Prozess! <\/span><\/span><span data-slate-node=\"text\"><span class=\"null\" data-slate-leaf=\"true\" data-sent-id=\"ebYLY8gDGB\">Wir bieten wettbewerbsf\u00e4hige Preise, einen sicheren weltweiten Versand und einen engagierten Kundensupport, um ein reibungsloses Einkaufserlebnis zu gew\u00e4hrleisten. <\/span><\/span><span data-slate-node=\"text\"><span class=\"null\" data-slate-leaf=\"true\" data-sent-id=\"BPX4Xkr3bB\">Ganz gleich, ob Sie auf der Suche nach hochmodernen Mini-LED-Bildschirmen oder preisg\u00fcnstigen Smart-TVs sind, wir schlie\u00dfen die L\u00fccke zwischen chinesischer Innovation und Ihrem Wohnzimmer. <\/span><\/span><span data-slate-node=\"text\" data-slate-fragment=\"JTVCJTdCJTIydHlwZSUyMiUzQSUyMnBhcmFncmFwaCUyMiUyQyUyMmNoaWxkcmVuJTIyJTNBJTVCJTdCJTIyaWQlMjIlM0ElMjJlTGJxYmpFM256JTIyJTJDJTIycGFyYUlkeCUyMiUzQTAlMkMlMjJzcmMlMjIlM0ElMjJQdXJjaGFzaW5nJTIwQ2hpbmVzZSUyMFRWcyUyMGludGVybmF0aW9uYWxseSUyMGNhbiUyMGJlJTIwY2hhbGxlbmdpbmclMjBkdWUlMjB0byUyMHJlZ2lvbmFsJTIwcmVzdHJpY3Rpb25zJTJDJTIwbG9naXN0aWNzJTIwaHVyZGxlcyUyQyUyMG9yJTIwbGltaXRlZCUyMGxvY2FsJTIwc3VwcG9ydC4lMjAlMjIlMkMlMjJkc3QlMjIlM0ElMjIlRTclOTQlQjElRTQlQkElOEUlRTUlOUMlQjAlRTUlOEMlQkElRTklOTklOTAlRTUlODglQjYlRTMlODAlODElRTclODklQTklRTYlQjUlODElRTklOUElOUMlRTclQTIlOEQlRTYlODglOTYlRTUlQkQlOTMlRTUlOUMlQjAlRTYlOTQlQUYlRTYlOEMlODElRTYlOUMlODklRTklOTklOTAlRUYlQkMlOEMlRTUlOUMlQTglRTUlOUIlQkQlRTklOTklODUlRTQlQjglOEElRTglQjQlQUQlRTQlQjklQjAlRTQlQjglQUQlRTUlOUIlQkQlRTclOTQlQjUlRTglQTclODYlRTUlOEYlQUYlRTglODMlQkQlRTUlODUlQjclRTYlOUMlODklRTYlOEMlOTElRTYlODglOTglRTYlODAlQTclRTMlODAlODIlMjIlMkMlMjJtZXRhZGF0YSUyMiUzQSUyMiUyMiUyQyUyMm1hdGNoZXMlMjIlM0FudWxsJTJDJTIybWV0YURhdGElMjIlM0ElNUIlNUQlMkMlMjJ0ZXh0JTIyJTNBJTIyUHVyY2hhc2luZyUyMENoaW5lc2UlMjBUVnMlMjBpbnRlcm5hdGlvbmFsbHklMjBjYW4lMjBiZSUyMGNoYWxsZW5naW5nJTIwZHVlJTIwdG8lMjByZWdpb25hbCUyMHJlc3RyaWN0aW9ucyUyQyUyMGxvZ2lzdGljcyUyMGh1cmRsZXMlMkMlMjBvciUyMGxpbWl0ZWQlMjBsb2NhbCUyMHN1cHBvcnQuJTIwJTIyJTdEJTJDJTdCJTIyaWQlMjIlM0ElMjJWZFpiWnZZZHZCJTIyJTJDJTIycGFyYUlkeCUyMiUzQTAlMkMlMjJzcmMlMjIlM0ElMjJPdXIlMjBwcm94eSUyMHNlcnZpY2UlMjBzaW1wbGlmaWVzJTIwdGhpcyUyMHByb2Nlc3MhJTIwJTIyJTJDJTIyZHN0JTIyJTNBJTIyJUU2JTg4JTkxJUU0JUJCJUFDJUU3JTlBJTg0JUU0JUJCJUEzJUU3JTkwJTg2JUU2JTlDJThEJUU1JThBJUExJUU3JUFFJTgwJUU1JThDJTk2JUU0JUJBJTg2JUU4JUJGJTk5JUU0JUI4JTgwJUU4JUJGJTg3JUU3JUE4JThCJUVGJUJDJTgxJTIyJTJDJTIybWV0YWRhdGElMjIlM0ElMjIlMjIlMkMlMjJtYXRjaGVzJTIyJTNBbnVsbCUyQyUyMm1ldGFEYXRhJTIyJTNBJTVCJTVEJTJDJTIydGV4dCUyMiUzQSUyMk91ciUyMHByb3h5JTIwc2VydmljZSUyMHNpbXBsaWZpZXMlMjB0aGlzJTIwcHJvY2VzcyElMjAlMjIlN0QlMkMlN0IlMjJpZCUyMiUzQSUyMmViWUxZOGdER0IlMjIlMkMlMjJwYXJhSWR4JTIyJTNBMCUyQyUyMnNyYyUyMiUzQSUyMldlJTIwb2ZmZXIlMjBjb21wZXRpdGl2ZSUyMHByaWNpbmclMkMlMjBzZWN1cmUlMjBnbG9iYWwlMjBzaGlwcGluZyUyQyUyMGFuZCUyMGRlZGljYXRlZCUyMGN1c3RvbWVyJTIwc3VwcG9ydCUyMHRvJTIwZW5zdXJlJTIwYSUyMHNlYW1sZXNzJTIwc2hvcHBpbmclMjBleHBlcmllbmNlLiUyMCUyMiUyQyUyMmRzdCUyMiUzQSUyMiVFNiU4OCU5MSVFNCVCQiVBQyVFNiU4RiU5MCVFNCVCRSU5QiVFNiU5QyU4OSVFNyVBQiU5RSVFNCVCQSU4OSVFNSU4QSU5QiVFNyU5QSU4NCVFNCVCQiVCNyVFNiVBMCVCQyVFMyU4MCU4MSVFNSVBRSU4OSVFNSU4NSVBOCVFNyU5QSU4NCVFNSU4NSVBOCVFNyU5MCU4MyVFOCVCRiU5MCVFOCVCRSU5MyVFNSU5MiU4QyVFNCVCOCU5MyVFOSU5NyVBOCVFNyU5QSU4NCVFNSVBRSVBMiVFNiU4OCVCNyVFNiU5NCVBRiVFNiU4QyU4MSVFRiVCQyU4QyVFNCVCQiVBNSVFNyVBMSVBRSVFNCVCRiU5RCVFNiU5NyVBMCVFNyVCQyU5RCVFNyU5QSU4NCVFOCVCNCVBRCVFNyU4OSVBOSVFNCVCRCU5MyVFOSVBQSU4QyVFMyU4MCU4MiUyMiUyQyUyMm1ldGFkYXRhJTIyJTNBJTIyJTIyJTJDJTIybWF0Y2hlcyUyMiUzQW51bGwlMkMlMjJtZXRhRGF0YSUyMiUzQSU1QiU1RCUyQyUyMnRleHQlMjIlM0ElMjJXZSUyMG9mZmVyJTIwY29tcGV0aXRpdmUlMjBwcmljaW5nJTJDJTIwc2VjdXJlJTIwZ2xvYmFsJTIwc2hpcHBpbmclMkMlMjBhbmQlMjBkZWRpY2F0ZWQlMjBjdXN0b21lciUyMHN1cHBvcnQlMjB0byUyMGVuc3VyZSUyMGElMjBzZWFtbGVzcyUyMHNob3BwaW5nJTIwZXhwZXJpZW5jZS4lMjAlMjIlN0QlMkMlN0IlMjJpZCUyMiUzQSUyMkJQWDRYa3IzYkIlMjIlMkMlMjJwYXJhSWR4JTIyJTNBMCUyQyUyMnNyYyUyMiUzQSUyMldoZXRoZXIlMjB5b3UlRTIlODAlOTlyZSUyMHNlZWtpbmclMjBjdXR0aW5nLWVkZ2UlMjBNaW5pJTIwTEVEJTIwZGlzcGxheXMlMjBvciUyMGJ1ZGdldC1mcmllbmRseSUyMHNtYXJ0JTIwVFZzJTJDJTIwd2UlMjBicmlkZ2UlMjB0aGUlMjBnYXAlMjBiZXR3ZWVuJTIwQ2hpbmVzZSUyMGlubm92YXRpb24lMjBhbmQlMjB5b3VyJTIwbGl2aW5nJTIwcm9vbS4lMjAlMjIlMkMlMjJkc3QlMjIlM0ElMjIlRTYlOTclQTAlRTglQUUlQkElRTYlODIlQTglRTYlOTglQUYlRTUlOUMlQTglRTUlQUYlQkIlRTYlODklQkUlRTUlQjAlOTYlRTclQUIlQUYlRTclOUElODQlRTglQkYlQjclRTQlQkQlQTBMRUQlRTYlOTglQkUlRTclQTQlQkElRTUlQjElOEYlRTglQkYlOTglRTYlOTglQUYlRTclQkIlOEYlRTYlQjUlOEUlRTUlQUUlOUUlRTYlODMlQTAlRTclOUElODQlRTYlOTklQkElRTglODMlQkQlRTclOTQlQjUlRTglQTclODYlRUYlQkMlOEMlRTYlODglOTElRTQlQkIlQUMlRTklODMlQkQlRTglODMlQkQlRTUlQkMlQTUlRTUlOTAlODglRTQlQjglQUQlRTUlOUIlQkQlRTUlODglOUIlRTYlOTYlQjAlRTQlQjglOEUlRTYlODIlQTglRTUlQUUlQTIlRTUlOEUlODUlRTQlQjklOEIlRTklOTclQjQlRTclOUElODQlRTUlQjclQUUlRTglQjclOUQlRTMlODAlODIlMjIlMkMlMjJtZXRhZGF0YSUyMiUzQSUyMiUyMiUyQyUyMm1hdGNoZXMlMjIlM0FudWxsJTJDJTIybWV0YURhdGElMjIlM0ElNUIlNUQlMkMlMjJ0ZXh0JTIyJTNBJTIyV2hldGhlciUyMHlvdSVFMiU4MCU5OXJlJTIwc2Vla2luZyUyMGN1dHRpbmctZWRnZSUyME1pbmklMjBMRUQlMjBkaXNwbGF5cyUyMG9yJTIwYnVkZ2V0LWZyaWVuZGx5JTIwc21hcnQlMjBUVnMlMkMlMjB3ZSUyMGJyaWRnZSUyMHRoZSUyMGdhcCUyMGJldHdlZW4lMjBDaGluZXNlJTIwaW5ub3ZhdGlvbiUyMGFuZCUyMHlvdXIlMjBsaXZpbmclMjByb29tLiUyMCUyMiU3RCUyQyU3QiUyMmlkJTIyJTNBJTIyVlFwQXBtTTMzZSUyMiUyQyUyMnBhcmFJZHglMjIlM0EwJTJDJTIyc3JjJTIyJTNBJTIyRW5qb3klMjBleGNsdXNpdmUlMjBhY2Nlc3MlMjB0byUyMHRvcC1yYXRlZCUyMG1vZGVscyUyQyUyMHdhcnJhbnR5JTIwY29vcmRpbmF0aW9uJTJDJTIwYW5kJTIwbXVsdGlsaW5ndWFsJTIwYXNzaXN0YW5jZSVFMiU4MCU5NGFsbCUyMHRhaWxvcmVkJTIwZm9yJTIwb3ZlcnNlYXMlMjBidXllcnMuJTIyJTJDJTIyZHN0JTIyJTNBJTIyJUU0JUJBJUFCJUU1JThGJTk3JUU3JThCJUFDJUU1JUFFJUI2JUU4JUFFJUJGJUU5JTk3JUFFJUU5JUExJUI2JUU3JUJBJUE3JUU1JTlFJThCJUU1JThGJUI3JUUzJTgwJTgxJUU0JUJGJTlEJUU0JUJGJUFFJUU1JThEJThGJUU4JUIwJTgzJUU1JTkyJThDJUU1JUE0JTlBJUU4JUFGJUFEJUU4JUE4JTgwJUU1JThEJThGJUU1JThBJUE5JUU3JTlBJTg0JUU2JTlEJTgzJUU1JTg4JUE5JUVGJUJDJThDJUU2JTg5JTgwJUU2JTlDJTg5JUU4JUJGJTk5JUU0JUJBJTlCJUU5JTgzJUJEJUU2JTk4JUFGJUU0JUI4JUJBJUU2JUI1JUI3JUU1JUE0JTk2JUU0JUI5JUIwJUU1JUFFJUI2JUU5JTg3JThGJUU4JUJBJUFCJUU1JUFFJTlBJUU1JTg4JUI2JUU3JTlBJTg0JUUzJTgwJTgyJTIyJTJDJTIybWV0YWRhdGElMjIlM0ElMjIlMjIlMkMlMjJtYXRjaGVzJTIyJTNBbnVsbCUyQyUyMm1ldGFEYXRhJTIyJTNBJTVCJTVEJTJDJTIydGV4dCUyMiUzQSUyMkVuam95JTIwZXhjbHVzaXZlJTIwYWNjZXNzJTIwdG8lMjB0b3AtcmF0ZWQlMjBtb2RlbHMlMkMlMjB3YXJyYW50eSUyMGNvb3JkaW5hdGlvbiUyQyUyMGFuZCUyMG11bHRpbGluZ3VhbCUyMGFzc2lzdGFuY2UlRTIlODAlOTRhbGwlMjB0YWlsb3JlZCUyMGZvciUyMG92ZXJzZWFzJTIwYnV5ZXJzLiUyMiU3RCU1RCU3RCU1RA==\"><span class=\"null\" data-slate-leaf=\"true\" data-sent-id=\"VQpApmM33e\">Genie\u00dfen Sie den exklusiven Zugang zu Spitzenmodellen, die Koordination von Garantieleistungen und mehrsprachige Unterst\u00fctzung - alles speziell f\u00fcr K\u00e4ufer aus \u00dcbersee.<\/span><\/span><\/p>","protected":false},"featured_media":1046,"comment_status":"open","ping_status":"closed","template":"","meta":{"_acf_changed":false},"product_brand":[],"product_cat":[15],"product_tag":[],"class_list":{"0":"post-1540","1":"product","2":"type-product","3":"status-publish","4":"has-post-thumbnail","6":"product_cat-uncategorized","8":"first","9":"instock","10":"shipping-taxable","11":"product-type-simple"},"acf":[],"yoast_head":"<!-- This site is optimized with the Yoast SEO plugin v24.8.1 - https:\/\/yoast.com\/wordpress\/plugins\/seo\/ -->\n<title>Purchase Brand Smart Tv Service - iutrue.com<\/title>\n<meta name=\"robots\" content=\"index, follow, max-snippet:-1, max-image-preview:large, max-video-preview:-1\" \/>\n<link rel=\"canonical\" href=\"https:\/\/iutrue.com\/de\/purchase-brand-smart-tv-service\/\" \/>\n<meta property=\"og:locale\" content=\"de_DE\" \/>\n<meta property=\"og:type\" content=\"article\" \/>\n<meta property=\"og:title\" content=\"Purchase Brand Smart Tv Service - iutrue.com\" \/>\n<meta property=\"og:description\" content=\"Purchasing Chinese TVs internationally can be challenging due to regional restrictions, logistics hurdles, or limited local support. Our proxy service simplifies this process! We offer competitive pricing, secure global shipping, and dedicated customer support to ensure a seamless shopping experience. Whether you\u2019re seeking cutting-edge Mini LED displays or budget-friendly smart TVs, we bridge the gap between Chinese innovation and your living room. Enjoy exclusive access to top-rated models, warranty coordination, and multilingual assistance\u2014all tailored for overseas buyers.\" \/>\n<meta property=\"og:url\" content=\"https:\/\/iutrue.com\/de\/purchase-brand-smart-tv-service\/\" \/>\n<meta property=\"og:site_name\" content=\"iutrue.com\" \/>\n<meta property=\"article:modified_time\" content=\"2025-05-05T08:30:36+00:00\" \/>\n<meta property=\"og:image\" content=\"https:\/\/iutrue.com\/wp-content\/uploads\/2025\/04\/65-inch-smart-tv-4k-ultra-hd-led-1.jpg\" \/>\n\t<meta property=\"og:image:width\" content=\"720\" \/>\n\t<meta property=\"og:image:height\" content=\"720\" \/>\n\t<meta property=\"og:image:type\" content=\"image\/jpeg\" \/>\n<meta name=\"twitter:card\" content=\"summary_large_image\" \/>\n<meta name=\"twitter:label1\" content=\"Gesch\u00e4tzte Lesezeit\" \/>\n\t<meta name=\"twitter:data1\" content=\"1\u00a0Minute\" \/>\n<script type=\"application\/ld+json\" class=\"yoast-schema-graph\">{\"@context\":\"https:\/\/schema.org\",\"@graph\":[{\"@type\":\"WebPage\",\"@id\":\"https:\/\/iutrue.com\/purchase-brand-smart-tv-service\/\",\"url\":\"https:\/\/iutrue.com\/purchase-brand-smart-tv-service\/\",\"name\":\"Purchase Brand Smart Tv Service - iutrue.com\",\"isPartOf\":{\"@id\":\"https:\/\/iutrue.com\/#website\"},\"primaryImageOfPage\":{\"@id\":\"https:\/\/iutrue.com\/purchase-brand-smart-tv-service\/#primaryimage\"},\"image\":{\"@id\":\"https:\/\/iutrue.com\/purchase-brand-smart-tv-service\/#primaryimage\"},\"thumbnailUrl\":\"https:\/\/iutrue.com\/wp-content\/uploads\/2025\/04\/65-inch-smart-tv-4k-ultra-hd-led-1.jpg\",\"datePublished\":\"2025-05-05T08:30:35+00:00\",\"dateModified\":\"2025-05-05T08:30:36+00:00\",\"breadcrumb\":{\"@id\":\"https:\/\/iutrue.com\/purchase-brand-smart-tv-service\/#breadcrumb\"},\"inLanguage\":\"de\",\"potentialAction\":[{\"@type\":\"ReadAction\",\"target\":[\"https:\/\/iutrue.com\/purchase-brand-smart-tv-service\/\"]}]},{\"@type\":\"ImageObject\",\"inLanguage\":\"de\",\"@id\":\"https:\/\/iutrue.com\/purchase-brand-smart-tv-service\/#primaryimage\",\"url\":\"https:\/\/iutrue.com\/wp-content\/uploads\/2025\/04\/65-inch-smart-tv-4k-ultra-hd-led-1.jpg\",\"contentUrl\":\"https:\/\/iutrue.com\/wp-content\/uploads\/2025\/04\/65-inch-smart-tv-4k-ultra-hd-led-1.jpg\",\"width\":720,\"height\":720},{\"@type\":\"BreadcrumbList\",\"@id\":\"https:\/\/iutrue.com\/purchase-brand-smart-tv-service\/#breadcrumb\",\"itemListElement\":[{\"@type\":\"ListItem\",\"position\":1,\"name\":\"\u9996\u9875\",\"item\":\"https:\/\/iutrue.com\/\"},{\"@type\":\"ListItem\",\"position\":2,\"name\":\"Shop\",\"item\":\"https:\/\/iutrue.com\/shop\/\"},{\"@type\":\"ListItem\",\"position\":3,\"name\":\"Purchase Brand Smart Tv Service\"}]},{\"@type\":\"WebSite\",\"@id\":\"https:\/\/iutrue.com\/#website\",\"url\":\"https:\/\/iutrue.com\/\",\"name\":\"iutrue.com\",\"description\":\"\",\"publisher\":{\"@id\":\"https:\/\/iutrue.com\/#organization\"},\"potentialAction\":[{\"@type\":\"SearchAction\",\"target\":{\"@type\":\"EntryPoint\",\"urlTemplate\":\"https:\/\/iutrue.com\/?s={search_term_string}\"},\"query-input\":{\"@type\":\"PropertyValueSpecification\",\"valueRequired\":true,\"valueName\":\"search_term_string\"}}],\"inLanguage\":\"de\"},{\"@type\":\"Organization\",\"@id\":\"https:\/\/iutrue.com\/#organization\",\"name\":\"iutrue.com\",\"url\":\"https:\/\/iutrue.com\/\",\"logo\":{\"@type\":\"ImageObject\",\"inLanguage\":\"de\",\"@id\":\"https:\/\/iutrue.com\/#\/schema\/logo\/image\/\",\"url\":\"https:\/\/iutrue.com\/wp-content\/uploads\/2025\/03\/iutrue.webp\",\"contentUrl\":\"https:\/\/iutrue.com\/wp-content\/uploads\/2025\/03\/iutrue.webp\",\"width\":1533,\"height\":578,\"caption\":\"iutrue.com\"},\"image\":{\"@id\":\"https:\/\/iutrue.com\/#\/schema\/logo\/image\/\"}}]}<\/script>\n<!-- \/ Yoast SEO plugin. -->","yoast_head_json":{"title":"Purchase Brand Smart Tv Service - iutrue.com","robots":{"index":"index","follow":"follow","max-snippet":"max-snippet:-1","max-image-preview":"max-image-preview:large","max-video-preview":"max-video-preview:-1"},"canonical":"https:\/\/iutrue.com\/de\/purchase-brand-smart-tv-service\/","og_locale":"de_DE","og_type":"article","og_title":"Purchase Brand Smart Tv Service - iutrue.com","og_description":"Purchasing Chinese TVs internationally can be challenging due to regional restrictions, logistics hurdles, or limited local support. Our proxy service simplifies this process! We offer competitive pricing, secure global shipping, and dedicated customer support to ensure a seamless shopping experience. Whether you\u2019re seeking cutting-edge Mini LED displays or budget-friendly smart TVs, we bridge the gap between Chinese innovation and your living room. Enjoy exclusive access to top-rated models, warranty coordination, and multilingual assistance\u2014all tailored for overseas buyers.","og_url":"https:\/\/iutrue.com\/de\/purchase-brand-smart-tv-service\/","og_site_name":"iutrue.com","article_modified_time":"2025-05-05T08:30:36+00:00","og_image":[{"width":720,"height":720,"url":"https:\/\/iutrue.com\/wp-content\/uploads\/2025\/04\/65-inch-smart-tv-4k-ultra-hd-led-1.jpg","type":"image\/jpeg"}],"twitter_card":"summary_large_image","twitter_misc":{"Gesch\u00e4tzte Lesezeit":"1\u00a0Minute"},"schema":{"@context":"https:\/\/schema.org","@graph":[{"@type":"WebPage","@id":"https:\/\/iutrue.com\/purchase-brand-smart-tv-service\/","url":"https:\/\/iutrue.com\/purchase-brand-smart-tv-service\/","name":"Purchase Brand Smart Tv Service - iutrue.com","isPartOf":{"@id":"https:\/\/iutrue.com\/#website"},"primaryImageOfPage":{"@id":"https:\/\/iutrue.com\/purchase-brand-smart-tv-service\/#primaryimage"},"image":{"@id":"https:\/\/iutrue.com\/purchase-brand-smart-tv-service\/#primaryimage"},"thumbnailUrl":"https:\/\/iutrue.com\/wp-content\/uploads\/2025\/04\/65-inch-smart-tv-4k-ultra-hd-led-1.jpg","datePublished":"2025-05-05T08:30:35+00:00","dateModified":"2025-05-05T08:30:36+00:00","breadcrumb":{"@id":"https:\/\/iutrue.com\/purchase-brand-smart-tv-service\/#breadcrumb"},"inLanguage":"de","potentialAction":[{"@type":"ReadAction","target":["https:\/\/iutrue.com\/purchase-brand-smart-tv-service\/"]}]},{"@type":"ImageObject","inLanguage":"de","@id":"https:\/\/iutrue.com\/purchase-brand-smart-tv-service\/#primaryimage","url":"https:\/\/iutrue.com\/wp-content\/uploads\/2025\/04\/65-inch-smart-tv-4k-ultra-hd-led-1.jpg","contentUrl":"https:\/\/iutrue.com\/wp-content\/uploads\/2025\/04\/65-inch-smart-tv-4k-ultra-hd-led-1.jpg","width":720,"height":720},{"@type":"BreadcrumbList","@id":"https:\/\/iutrue.com\/purchase-brand-smart-tv-service\/#breadcrumb","itemListElement":[{"@type":"ListItem","position":1,"name":"\u9996\u9875","item":"https:\/\/iutrue.com\/"},{"@type":"ListItem","position":2,"name":"Shop","item":"https:\/\/iutrue.com\/shop\/"},{"@type":"ListItem","position":3,"name":"Purchase Brand Smart Tv Service"}]},{"@type":"WebSite","@id":"https:\/\/iutrue.com\/#website","url":"https:\/\/iutrue.com\/","name":"iutrue.com","description":"","publisher":{"@id":"https:\/\/iutrue.com\/#organization"},"potentialAction":[{"@type":"SearchAction","target":{"@type":"EntryPoint","urlTemplate":"https:\/\/iutrue.com\/?s={search_term_string}"},"query-input":{"@type":"PropertyValueSpecification","valueRequired":true,"valueName":"search_term_string"}}],"inLanguage":"de"},{"@type":"Organization","@id":"https:\/\/iutrue.com\/#organization","name":"iutrue.com","url":"https:\/\/iutrue.com\/","logo":{"@type":"ImageObject","inLanguage":"de","@id":"https:\/\/iutrue.com\/#\/schema\/logo\/image\/","url":"https:\/\/iutrue.com\/wp-content\/uploads\/2025\/03\/iutrue.webp","contentUrl":"https:\/\/iutrue.com\/wp-content\/uploads\/2025\/03\/iutrue.webp","width":1533,"height":578,"caption":"iutrue.com"},"image":{"@id":"https:\/\/iutrue.com\/#\/schema\/logo\/image\/"}}]}},"_links":{"self":[{"href":"https:\/\/iutrue.com\/de\/wp-json\/wp\/v2\/product\/1540","targetHints":{"allow":["GET"]}}],"collection":[{"href":"https:\/\/iutrue.com\/de\/wp-json\/wp\/v2\/product"}],"about":[{"href":"https:\/\/iutrue.com\/de\/wp-json\/wp\/v2\/types\/product"}],"replies":[{"embeddable":true,"href":"https:\/\/iutrue.com\/de\/wp-json\/wp\/v2\/comments?post=1540"}],"version-history":[{"count":2,"href":"https:\/\/iutrue.com\/de\/wp-json\/wp\/v2\/product\/1540\/revisions"}],"predecessor-version":[{"id":1542,"href":"https:\/\/iutrue.com\/de\/wp-json\/wp\/v2\/product\/1540\/revisions\/1542"}],"wp:featuredmedia":[{"embeddable":true,"href":"https:\/\/iutrue.com\/de\/wp-json\/wp\/v2\/media\/1046"}],"wp:attachment":[{"href":"https:\/\/iutrue.com\/de\/wp-json\/wp\/v2\/media?parent=1540"}],"wp:term":[{"taxonomy":"product_brand","embeddable":true,"href":"https:\/\/iutrue.com\/de\/wp-json\/wp\/v2\/product_brand?post=1540"},{"taxonomy":"product_cat","embeddable":true,"href":"https:\/\/iutrue.com\/de\/wp-json\/wp\/v2\/product_cat?post=1540"},{"taxonomy":"product_tag","embeddable":true,"href":"https:\/\/iutrue.com\/de\/wp-json\/wp\/v2\/product_tag?post=1540"}],"curies":[{"name":"wp","href":"https:\/\/api.w.org\/{rel}","templated":true}]}}