{"id":851,"date":"2025-04-21T08:24:51","date_gmt":"2025-04-21T08:24:51","guid":{"rendered":"https:\/\/iutrue.com\/?post_type=product&#038;p=851"},"modified":"2025-05-05T07:07:29","modified_gmt":"2025-05-05T07:07:29","slug":"4k-8k-smart-tv","status":"publish","type":"product","link":"https:\/\/iutrue.com\/fr\/4k-8k-smart-tv\/","title":{"rendered":"4K 8K Smart TV"},"content":{"rendered":"<p>T\u00e9l\u00e9viseurs intelligents 4K et 8K : La r\u00e9volution de l'ultra HD<\/p>\n<p>Les Smart TV 4K (3840\u00d72160) et 8K (7680\u00d74320) offrent une clart\u00e9 in\u00e9gal\u00e9e, le 8K offrant 4 fois plus de pixels que le 4K pour des d\u00e9tails d'une nettet\u00e9 exceptionnelle. Tous deux prennent en charge le HDR, les applications de streaming et la commande vocale, ce qui est id\u00e9al pour les home cin\u00e9mas immersifs, les jeux et la conception professionnelle.<\/p>","protected":false},"excerpt":{"rendered":"<p>As a leading \u200cmanufacturer\u200c and \u200csupplier\u200c of cutting-edge Smart TVs, our state-of-the-art \u200cfactory\u200c produces high-performance 4K (3840&#215;2160) and 8K (7680&#215;4320) models designed for \u200cwholesale\u200c partners and commercial buyers. Built with precision in ISO-certified facilities, these TVs feature Quantum Dot color, HDR10+\/Dolby Vision, and AI upscaling for crystal-clear visuals in homes, retail spaces, or hospitality venues.<\/p>\n<p>Leverage \u200cfactory-direct pricing\u200c to maximize profits\u2014ideal for retailers, hotels, or event venues. Customize bezels, stands, or software (OEM\/ODM) to match branding needs. With 24\/7 durability, anti-glare screens, and bulk order discounts, our TVs are \u200cfor sale\u200c globally, backed by 1-year warranties and dedicated tech support.<\/p>","protected":false},"featured_media":1002,"comment_status":"open","ping_status":"closed","template":"","meta":{"_acf_changed":false},"product_brand":[],"product_cat":[20],"product_tag":[],"class_list":{"0":"post-851","1":"product","2":"type-product","3":"status-publish","4":"has-post-thumbnail","6":"product_cat-smart-tv","8":"first","9":"instock","10":"shipping-taxable","11":"product-type-simple"},"acf":[],"yoast_head":"<!-- This site is optimized with the Yoast SEO plugin v24.8.1 - https:\/\/yoast.com\/wordpress\/plugins\/seo\/ -->\n<title>\u200c4K 8K Smart TV For Sale | Wholesale From IUTRUE Manufacturer<\/title>\n<meta name=\"robots\" content=\"index, follow, max-snippet:-1, max-image-preview:large, max-video-preview:-1\" \/>\n<link rel=\"canonical\" href=\"https:\/\/iutrue.com\/fr\/4k-8k-smart-tv\/\" \/>\n<meta property=\"og:locale\" content=\"fr_FR\" \/>\n<meta property=\"og:type\" content=\"article\" \/>\n<meta property=\"og:title\" content=\"\u200c4K 8K Smart TV For Sale | Wholesale From IUTRUE Manufacturer\" \/>\n<meta property=\"og:description\" content=\"As a leading \u200cmanufacturer\u200c and \u200csupplier\u200c of cutting-edge Smart TVs, our state-of-the-art \u200cfactory\u200c produces high-performance 4K (3840x2160) and 8K (7680x4320) models designed for \u200cwholesale\u200c partners and commercial buyers. Built with precision in ISO-certified facilities, these TVs feature Quantum Dot color, HDR10+\/Dolby Vision, and AI upscaling for crystal-clear visuals in homes, retail spaces, or hospitality venues.  Leverage \u200cfactory-direct pricing\u200c to maximize profits\u2014ideal for retailers, hotels, or event venues. Customize bezels, stands, or software (OEM\/ODM) to match branding needs. With 24\/7 durability, anti-glare screens, and bulk order discounts, our TVs are \u200cfor sale\u200c globally, backed by 1-year warranties and dedicated tech support.\" \/>\n<meta property=\"og:url\" content=\"https:\/\/iutrue.com\/fr\/4k-8k-smart-tv\/\" \/>\n<meta property=\"og:site_name\" content=\"iutrue.com\" \/>\n<meta property=\"article:modified_time\" content=\"2025-05-05T07:07:29+00:00\" \/>\n<meta property=\"og:image\" content=\"https:\/\/iutrue.com\/wp-content\/uploads\/2025\/04\/smart-tv-4k.jpg\" \/>\n\t<meta property=\"og:image:width\" content=\"720\" \/>\n\t<meta property=\"og:image:height\" content=\"720\" \/>\n\t<meta property=\"og:image:type\" content=\"image\/jpeg\" \/>\n<meta name=\"twitter:card\" content=\"summary_large_image\" \/>\n<meta name=\"twitter:label1\" content=\"Dur\u00e9e de lecture estim\u00e9e\" \/>\n\t<meta name=\"twitter:data1\" content=\"1 minute\" \/>\n<script type=\"application\/ld+json\" class=\"yoast-schema-graph\">{\"@context\":\"https:\/\/schema.org\",\"@graph\":[{\"@type\":\"WebPage\",\"@id\":\"https:\/\/iutrue.com\/4k-8k-smart-tv\/\",\"url\":\"https:\/\/iutrue.com\/4k-8k-smart-tv\/\",\"name\":\"\u200c4K 8K Smart TV For Sale | Wholesale From IUTRUE Manufacturer\",\"isPartOf\":{\"@id\":\"https:\/\/iutrue.com\/#website\"},\"primaryImageOfPage\":{\"@id\":\"https:\/\/iutrue.com\/4k-8k-smart-tv\/#primaryimage\"},\"image\":{\"@id\":\"https:\/\/iutrue.com\/4k-8k-smart-tv\/#primaryimage\"},\"thumbnailUrl\":\"https:\/\/iutrue.com\/wp-content\/uploads\/2025\/04\/smart-tv-4k.jpg\",\"datePublished\":\"2025-04-21T08:24:51+00:00\",\"dateModified\":\"2025-05-05T07:07:29+00:00\",\"breadcrumb\":{\"@id\":\"https:\/\/iutrue.com\/4k-8k-smart-tv\/#breadcrumb\"},\"inLanguage\":\"fr-FR\",\"potentialAction\":[{\"@type\":\"ReadAction\",\"target\":[\"https:\/\/iutrue.com\/4k-8k-smart-tv\/\"]}]},{\"@type\":\"ImageObject\",\"inLanguage\":\"fr-FR\",\"@id\":\"https:\/\/iutrue.com\/4k-8k-smart-tv\/#primaryimage\",\"url\":\"https:\/\/iutrue.com\/wp-content\/uploads\/2025\/04\/smart-tv-4k.jpg\",\"contentUrl\":\"https:\/\/iutrue.com\/wp-content\/uploads\/2025\/04\/smart-tv-4k.jpg\",\"width\":720,\"height\":720},{\"@type\":\"BreadcrumbList\",\"@id\":\"https:\/\/iutrue.com\/4k-8k-smart-tv\/#breadcrumb\",\"itemListElement\":[{\"@type\":\"ListItem\",\"position\":1,\"name\":\"\u9996\u9875\",\"item\":\"https:\/\/iutrue.com\/\"},{\"@type\":\"ListItem\",\"position\":2,\"name\":\"Shop\",\"item\":\"https:\/\/iutrue.com\/shop\/\"},{\"@type\":\"ListItem\",\"position\":3,\"name\":\"\u200c4K 8K Smart TV\"}]},{\"@type\":\"WebSite\",\"@id\":\"https:\/\/iutrue.com\/#website\",\"url\":\"https:\/\/iutrue.com\/\",\"name\":\"iutrue.com\",\"description\":\"\",\"publisher\":{\"@id\":\"https:\/\/iutrue.com\/#organization\"},\"potentialAction\":[{\"@type\":\"SearchAction\",\"target\":{\"@type\":\"EntryPoint\",\"urlTemplate\":\"https:\/\/iutrue.com\/?s={search_term_string}\"},\"query-input\":{\"@type\":\"PropertyValueSpecification\",\"valueRequired\":true,\"valueName\":\"search_term_string\"}}],\"inLanguage\":\"fr-FR\"},{\"@type\":\"Organization\",\"@id\":\"https:\/\/iutrue.com\/#organization\",\"name\":\"iutrue.com\",\"url\":\"https:\/\/iutrue.com\/\",\"logo\":{\"@type\":\"ImageObject\",\"inLanguage\":\"fr-FR\",\"@id\":\"https:\/\/iutrue.com\/#\/schema\/logo\/image\/\",\"url\":\"https:\/\/iutrue.com\/wp-content\/uploads\/2025\/03\/iutrue.webp\",\"contentUrl\":\"https:\/\/iutrue.com\/wp-content\/uploads\/2025\/03\/iutrue.webp\",\"width\":1533,\"height\":578,\"caption\":\"iutrue.com\"},\"image\":{\"@id\":\"https:\/\/iutrue.com\/#\/schema\/logo\/image\/\"}}]}<\/script>\n<!-- \/ Yoast SEO plugin. -->","yoast_head_json":{"title":"\u200c4K 8K Smart TV For Sale | Wholesale From IUTRUE Manufacturer","robots":{"index":"index","follow":"follow","max-snippet":"max-snippet:-1","max-image-preview":"max-image-preview:large","max-video-preview":"max-video-preview:-1"},"canonical":"https:\/\/iutrue.com\/fr\/4k-8k-smart-tv\/","og_locale":"fr_FR","og_type":"article","og_title":"\u200c4K 8K Smart TV For Sale | Wholesale From IUTRUE Manufacturer","og_description":"As a leading \u200cmanufacturer\u200c and \u200csupplier\u200c of cutting-edge Smart TVs, our state-of-the-art \u200cfactory\u200c produces high-performance 4K (3840x2160) and 8K (7680x4320) models designed for \u200cwholesale\u200c partners and commercial buyers. Built with precision in ISO-certified facilities, these TVs feature Quantum Dot color, HDR10+\/Dolby Vision, and AI upscaling for crystal-clear visuals in homes, retail spaces, or hospitality venues.  Leverage \u200cfactory-direct pricing\u200c to maximize profits\u2014ideal for retailers, hotels, or event venues. Customize bezels, stands, or software (OEM\/ODM) to match branding needs. With 24\/7 durability, anti-glare screens, and bulk order discounts, our TVs are \u200cfor sale\u200c globally, backed by 1-year warranties and dedicated tech support.","og_url":"https:\/\/iutrue.com\/fr\/4k-8k-smart-tv\/","og_site_name":"iutrue.com","article_modified_time":"2025-05-05T07:07:29+00:00","og_image":[{"width":720,"height":720,"url":"https:\/\/iutrue.com\/wp-content\/uploads\/2025\/04\/smart-tv-4k.jpg","type":"image\/jpeg"}],"twitter_card":"summary_large_image","twitter_misc":{"Dur\u00e9e de lecture estim\u00e9e":"1 minute"},"schema":{"@context":"https:\/\/schema.org","@graph":[{"@type":"WebPage","@id":"https:\/\/iutrue.com\/4k-8k-smart-tv\/","url":"https:\/\/iutrue.com\/4k-8k-smart-tv\/","name":"\u200c4K 8K Smart TV For Sale | Wholesale From IUTRUE Manufacturer","isPartOf":{"@id":"https:\/\/iutrue.com\/#website"},"primaryImageOfPage":{"@id":"https:\/\/iutrue.com\/4k-8k-smart-tv\/#primaryimage"},"image":{"@id":"https:\/\/iutrue.com\/4k-8k-smart-tv\/#primaryimage"},"thumbnailUrl":"https:\/\/iutrue.com\/wp-content\/uploads\/2025\/04\/smart-tv-4k.jpg","datePublished":"2025-04-21T08:24:51+00:00","dateModified":"2025-05-05T07:07:29+00:00","breadcrumb":{"@id":"https:\/\/iutrue.com\/4k-8k-smart-tv\/#breadcrumb"},"inLanguage":"fr-FR","potentialAction":[{"@type":"ReadAction","target":["https:\/\/iutrue.com\/4k-8k-smart-tv\/"]}]},{"@type":"ImageObject","inLanguage":"fr-FR","@id":"https:\/\/iutrue.com\/4k-8k-smart-tv\/#primaryimage","url":"https:\/\/iutrue.com\/wp-content\/uploads\/2025\/04\/smart-tv-4k.jpg","contentUrl":"https:\/\/iutrue.com\/wp-content\/uploads\/2025\/04\/smart-tv-4k.jpg","width":720,"height":720},{"@type":"BreadcrumbList","@id":"https:\/\/iutrue.com\/4k-8k-smart-tv\/#breadcrumb","itemListElement":[{"@type":"ListItem","position":1,"name":"\u9996\u9875","item":"https:\/\/iutrue.com\/"},{"@type":"ListItem","position":2,"name":"Shop","item":"https:\/\/iutrue.com\/shop\/"},{"@type":"ListItem","position":3,"name":"\u200c4K 8K Smart TV"}]},{"@type":"WebSite","@id":"https:\/\/iutrue.com\/#website","url":"https:\/\/iutrue.com\/","name":"iutrue.com","description":"","publisher":{"@id":"https:\/\/iutrue.com\/#organization"},"potentialAction":[{"@type":"SearchAction","target":{"@type":"EntryPoint","urlTemplate":"https:\/\/iutrue.com\/?s={search_term_string}"},"query-input":{"@type":"PropertyValueSpecification","valueRequired":true,"valueName":"search_term_string"}}],"inLanguage":"fr-FR"},{"@type":"Organization","@id":"https:\/\/iutrue.com\/#organization","name":"iutrue.com","url":"https:\/\/iutrue.com\/","logo":{"@type":"ImageObject","inLanguage":"fr-FR","@id":"https:\/\/iutrue.com\/#\/schema\/logo\/image\/","url":"https:\/\/iutrue.com\/wp-content\/uploads\/2025\/03\/iutrue.webp","contentUrl":"https:\/\/iutrue.com\/wp-content\/uploads\/2025\/03\/iutrue.webp","width":1533,"height":578,"caption":"iutrue.com"},"image":{"@id":"https:\/\/iutrue.com\/#\/schema\/logo\/image\/"}}]}},"_links":{"self":[{"href":"https:\/\/iutrue.com\/fr\/wp-json\/wp\/v2\/product\/851","targetHints":{"allow":["GET"]}}],"collection":[{"href":"https:\/\/iutrue.com\/fr\/wp-json\/wp\/v2\/product"}],"about":[{"href":"https:\/\/iutrue.com\/fr\/wp-json\/wp\/v2\/types\/product"}],"replies":[{"embeddable":true,"href":"https:\/\/iutrue.com\/fr\/wp-json\/wp\/v2\/comments?post=851"}],"version-history":[{"count":3,"href":"https:\/\/iutrue.com\/fr\/wp-json\/wp\/v2\/product\/851\/revisions"}],"predecessor-version":[{"id":1003,"href":"https:\/\/iutrue.com\/fr\/wp-json\/wp\/v2\/product\/851\/revisions\/1003"}],"wp:featuredmedia":[{"embeddable":true,"href":"https:\/\/iutrue.com\/fr\/wp-json\/wp\/v2\/media\/1002"}],"wp:attachment":[{"href":"https:\/\/iutrue.com\/fr\/wp-json\/wp\/v2\/media?parent=851"}],"wp:term":[{"taxonomy":"product_brand","embeddable":true,"href":"https:\/\/iutrue.com\/fr\/wp-json\/wp\/v2\/product_brand?post=851"},{"taxonomy":"product_cat","embeddable":true,"href":"https:\/\/iutrue.com\/fr\/wp-json\/wp\/v2\/product_cat?post=851"},{"taxonomy":"product_tag","embeddable":true,"href":"https:\/\/iutrue.com\/fr\/wp-json\/wp\/v2\/product_tag?post=851"}],"curies":[{"name":"wp","href":"https:\/\/api.w.org\/{rel}","templated":true}]}}