{"id":546,"date":"2025-03-31T08:10:07","date_gmt":"2025-03-31T08:10:07","guid":{"rendered":"https:\/\/iutrue.com\/?post_type=product&#038;p=546"},"modified":"2025-05-05T07:12:52","modified_gmt":"2025-05-05T07:12:52","slug":"85-inc-akilli-televizyon","status":"publish","type":"product","link":"https:\/\/iutrue.com\/tr\/85-inc-akilli-televizyon\/","title":{"rendered":"85 in\u00e7 Ak\u0131ll\u0131 TV"},"content":{"rendered":"<p>85 in\u00e7 Smart TV: S\u00fcr\u00fckleyici 4K HDR g\u00f6rseller, sorunsuz ses kontroll\u00fc ak\u0131\u015f, ultra ince duvara monte edilebilir tasar\u0131m, oyun i\u00e7in geli\u015fmi\u015f hareket i\u015fleme ve enerji tasarruflu performans ile her oday\u0131 sinematik bir merkeze d\u00f6n\u00fc\u015ft\u00fcr\u00fcr.<\/p>","protected":false},"excerpt":{"rendered":"<p>85 in\u00e7 ak\u0131ll\u0131 TV \u00fcretimi, geli\u015fmi\u015f \u00fcretim ve inovasyonun bir senfonisidir. Fabrikam\u0131z, ultra ince panelleri monte etmek ve duvara monte edilebilir tasar\u0131mlar i\u00e7in yap\u0131sal b\u00fct\u00fcnl\u00fc\u011f\u00fc optimize etmek i\u00e7in otomatik hassasiyetten yararlan\u0131r. Son teknoloji laboratuvarlar ekran teknolojilerini test ederek canl\u0131 renk do\u011frulu\u011fu ve oyun ve sinematik kullan\u0131m i\u00e7in kusursuz hareket i\u015fleme sa\u011flar. Ak\u0131ll\u0131 ekosistem entegrasyonu, yapay zeka g\u00fcd\u00fcml\u00fc yaz\u0131l\u0131m ve donan\u0131m bile\u015fenlerinin an\u0131nda ba\u011flant\u0131 ve kullan\u0131c\u0131 dostu aray\u00fczler i\u00e7in kalibre edildi\u011fi \u00f6zel montaj hatlar\u0131nda ger\u00e7ekle\u015fir. S\u00fcrd\u00fcr\u00fclebilirlik, \u00e7evre dostu malzemelerin enerji tasarruflu \u00fcretiminden geri d\u00f6n\u00fc\u015f\u00fcm\u00fc kolayla\u015ft\u0131ran mod\u00fcler tasar\u0131mlara kadar her a\u015famada yer almaktad\u0131r. Titiz stres testleri dayan\u0131kl\u0131l\u0131\u011f\u0131 do\u011frularken, teknoloji yenilik\u00e7ileriyle yap\u0131lan i\u015fbirli\u011fi, her bir Smart TV'nin geli\u015fen t\u00fcketici taleplerini kar\u015f\u0131lamas\u0131n\u0131 sa\u011flayarak ham bile\u015fenleri e\u011flence, performans ve estetik parlakl\u0131\u011f\u0131n sofistike merkezlerine d\u00f6n\u00fc\u015ft\u00fcr\u00fcr.<\/p>","protected":false},"featured_media":547,"comment_status":"open","ping_status":"closed","template":"","meta":{"_acf_changed":false},"product_brand":[],"product_cat":[15,20],"product_tag":[],"class_list":{"0":"post-546","1":"product","2":"type-product","3":"status-publish","4":"has-post-thumbnail","6":"product_cat-uncategorized","7":"product_cat-smart-tv","9":"first","10":"instock","11":"shipping-taxable","12":"product-type-simple"},"acf":[],"yoast_head":"<!-- This site is optimized with the Yoast SEO plugin v24.8.1 - https:\/\/yoast.com\/wordpress\/plugins\/seo\/ -->\n<title>85 Inch Smart TV For Sale | Wholesale From IUTRUE Manufacturer<\/title>\n<meta name=\"robots\" content=\"index, follow, max-snippet:-1, max-image-preview:large, max-video-preview:-1\" \/>\n<link rel=\"canonical\" href=\"https:\/\/iutrue.com\/tr\/85-inc-akilli-televizyon\/\" \/>\n<meta property=\"og:locale\" content=\"tr_TR\" \/>\n<meta property=\"og:type\" content=\"article\" \/>\n<meta property=\"og:title\" content=\"85 Inch Smart TV For Sale | Wholesale From IUTRUE Manufacturer\" \/>\n<meta property=\"og:description\" content=\"The production of 85 inch smart TV is a symphony of advanced manufacturing and innovation. Our Factory leverage automated precision to assemble ultra-slim panels and optimize structural integrity for wall-mountable designs. Cutting-edge labs test display technologies, ensuring vibrant color accuracy and seamless motion handling for gaming and cinematic use. Smart ecosystem integration occurs on dedicated assembly lines, where AI-driven software and hardware components are calibrated for instant connectivity and user-friendly interfaces. Sustainability is embedded at every stage, from energy-efficient fabrication of eco-friendly materials to modular designs that simplify recycling. Rigorous stress tests validate durability, while collaboration with tech innovators ensures each Smart TV meets evolving consumer demands\u2014transforming raw components into sophisticated hubs of entertainment, performance, and aesthetic brilliance.\" \/>\n<meta property=\"og:url\" content=\"https:\/\/iutrue.com\/tr\/85-inc-akilli-televizyon\/\" \/>\n<meta property=\"og:site_name\" content=\"iutrue.com\" \/>\n<meta property=\"article:modified_time\" content=\"2025-05-05T07:12:52+00:00\" \/>\n<meta property=\"og:image\" content=\"https:\/\/iutrue.com\/wp-content\/uploads\/2025\/03\/85-inch-smart-tv-4k-ultra-hd-led.jpg\" \/>\n\t<meta property=\"og:image:width\" content=\"720\" \/>\n\t<meta property=\"og:image:height\" content=\"720\" \/>\n\t<meta property=\"og:image:type\" content=\"image\/jpeg\" \/>\n<meta name=\"twitter:card\" content=\"summary_large_image\" \/>\n<meta name=\"twitter:label1\" content=\"Tahmini okuma s\u00fcresi\" \/>\n\t<meta name=\"twitter:data1\" content=\"1 dakika\" \/>\n<script type=\"application\/ld+json\" class=\"yoast-schema-graph\">{\"@context\":\"https:\/\/schema.org\",\"@graph\":[{\"@type\":\"WebPage\",\"@id\":\"https:\/\/iutrue.com\/85-inch-smart-tv\/\",\"url\":\"https:\/\/iutrue.com\/85-inch-smart-tv\/\",\"name\":\"85 Inch Smart TV For Sale | Wholesale From IUTRUE Manufacturer\",\"isPartOf\":{\"@id\":\"https:\/\/iutrue.com\/#website\"},\"primaryImageOfPage\":{\"@id\":\"https:\/\/iutrue.com\/85-inch-smart-tv\/#primaryimage\"},\"image\":{\"@id\":\"https:\/\/iutrue.com\/85-inch-smart-tv\/#primaryimage\"},\"thumbnailUrl\":\"https:\/\/iutrue.com\/wp-content\/uploads\/2025\/03\/85-inch-smart-tv-4k-ultra-hd-led.jpg\",\"datePublished\":\"2025-03-31T08:10:07+00:00\",\"dateModified\":\"2025-05-05T07:12:52+00:00\",\"breadcrumb\":{\"@id\":\"https:\/\/iutrue.com\/85-inch-smart-tv\/#breadcrumb\"},\"inLanguage\":\"tr\",\"potentialAction\":[{\"@type\":\"ReadAction\",\"target\":[\"https:\/\/iutrue.com\/85-inch-smart-tv\/\"]}]},{\"@type\":\"ImageObject\",\"inLanguage\":\"tr\",\"@id\":\"https:\/\/iutrue.com\/85-inch-smart-tv\/#primaryimage\",\"url\":\"https:\/\/iutrue.com\/wp-content\/uploads\/2025\/03\/85-inch-smart-tv-4k-ultra-hd-led.jpg\",\"contentUrl\":\"https:\/\/iutrue.com\/wp-content\/uploads\/2025\/03\/85-inch-smart-tv-4k-ultra-hd-led.jpg\",\"width\":720,\"height\":720},{\"@type\":\"BreadcrumbList\",\"@id\":\"https:\/\/iutrue.com\/85-inch-smart-tv\/#breadcrumb\",\"itemListElement\":[{\"@type\":\"ListItem\",\"position\":1,\"name\":\"\u9996\u9875\",\"item\":\"https:\/\/iutrue.com\/\"},{\"@type\":\"ListItem\",\"position\":2,\"name\":\"Shop\",\"item\":\"https:\/\/iutrue.com\/shop\/\"},{\"@type\":\"ListItem\",\"position\":3,\"name\":\"85 Inch Smart TV\"}]},{\"@type\":\"WebSite\",\"@id\":\"https:\/\/iutrue.com\/#website\",\"url\":\"https:\/\/iutrue.com\/\",\"name\":\"iutrue.com\",\"description\":\"\",\"publisher\":{\"@id\":\"https:\/\/iutrue.com\/#organization\"},\"potentialAction\":[{\"@type\":\"SearchAction\",\"target\":{\"@type\":\"EntryPoint\",\"urlTemplate\":\"https:\/\/iutrue.com\/?s={search_term_string}\"},\"query-input\":{\"@type\":\"PropertyValueSpecification\",\"valueRequired\":true,\"valueName\":\"search_term_string\"}}],\"inLanguage\":\"tr\"},{\"@type\":\"Organization\",\"@id\":\"https:\/\/iutrue.com\/#organization\",\"name\":\"iutrue.com\",\"url\":\"https:\/\/iutrue.com\/\",\"logo\":{\"@type\":\"ImageObject\",\"inLanguage\":\"tr\",\"@id\":\"https:\/\/iutrue.com\/#\/schema\/logo\/image\/\",\"url\":\"https:\/\/iutrue.com\/wp-content\/uploads\/2025\/03\/iutrue.webp\",\"contentUrl\":\"https:\/\/iutrue.com\/wp-content\/uploads\/2025\/03\/iutrue.webp\",\"width\":1533,\"height\":578,\"caption\":\"iutrue.com\"},\"image\":{\"@id\":\"https:\/\/iutrue.com\/#\/schema\/logo\/image\/\"}}]}<\/script>\n<!-- \/ Yoast SEO plugin. -->","yoast_head_json":{"title":"85 Inch Smart TV For Sale | Wholesale From IUTRUE Manufacturer","robots":{"index":"index","follow":"follow","max-snippet":"max-snippet:-1","max-image-preview":"max-image-preview:large","max-video-preview":"max-video-preview:-1"},"canonical":"https:\/\/iutrue.com\/tr\/85-inc-akilli-televizyon\/","og_locale":"tr_TR","og_type":"article","og_title":"85 Inch Smart TV For Sale | Wholesale From IUTRUE Manufacturer","og_description":"The production of 85 inch smart TV is a symphony of advanced manufacturing and innovation. Our Factory leverage automated precision to assemble ultra-slim panels and optimize structural integrity for wall-mountable designs. Cutting-edge labs test display technologies, ensuring vibrant color accuracy and seamless motion handling for gaming and cinematic use. Smart ecosystem integration occurs on dedicated assembly lines, where AI-driven software and hardware components are calibrated for instant connectivity and user-friendly interfaces. Sustainability is embedded at every stage, from energy-efficient fabrication of eco-friendly materials to modular designs that simplify recycling. Rigorous stress tests validate durability, while collaboration with tech innovators ensures each Smart TV meets evolving consumer demands\u2014transforming raw components into sophisticated hubs of entertainment, performance, and aesthetic brilliance.","og_url":"https:\/\/iutrue.com\/tr\/85-inc-akilli-televizyon\/","og_site_name":"iutrue.com","article_modified_time":"2025-05-05T07:12:52+00:00","og_image":[{"width":720,"height":720,"url":"https:\/\/iutrue.com\/wp-content\/uploads\/2025\/03\/85-inch-smart-tv-4k-ultra-hd-led.jpg","type":"image\/jpeg"}],"twitter_card":"summary_large_image","twitter_misc":{"Tahmini okuma s\u00fcresi":"1 dakika"},"schema":{"@context":"https:\/\/schema.org","@graph":[{"@type":"WebPage","@id":"https:\/\/iutrue.com\/85-inch-smart-tv\/","url":"https:\/\/iutrue.com\/85-inch-smart-tv\/","name":"85 Inch Smart TV For Sale | Wholesale From IUTRUE Manufacturer","isPartOf":{"@id":"https:\/\/iutrue.com\/#website"},"primaryImageOfPage":{"@id":"https:\/\/iutrue.com\/85-inch-smart-tv\/#primaryimage"},"image":{"@id":"https:\/\/iutrue.com\/85-inch-smart-tv\/#primaryimage"},"thumbnailUrl":"https:\/\/iutrue.com\/wp-content\/uploads\/2025\/03\/85-inch-smart-tv-4k-ultra-hd-led.jpg","datePublished":"2025-03-31T08:10:07+00:00","dateModified":"2025-05-05T07:12:52+00:00","breadcrumb":{"@id":"https:\/\/iutrue.com\/85-inch-smart-tv\/#breadcrumb"},"inLanguage":"tr","potentialAction":[{"@type":"ReadAction","target":["https:\/\/iutrue.com\/85-inch-smart-tv\/"]}]},{"@type":"ImageObject","inLanguage":"tr","@id":"https:\/\/iutrue.com\/85-inch-smart-tv\/#primaryimage","url":"https:\/\/iutrue.com\/wp-content\/uploads\/2025\/03\/85-inch-smart-tv-4k-ultra-hd-led.jpg","contentUrl":"https:\/\/iutrue.com\/wp-content\/uploads\/2025\/03\/85-inch-smart-tv-4k-ultra-hd-led.jpg","width":720,"height":720},{"@type":"BreadcrumbList","@id":"https:\/\/iutrue.com\/85-inch-smart-tv\/#breadcrumb","itemListElement":[{"@type":"ListItem","position":1,"name":"\u9996\u9875","item":"https:\/\/iutrue.com\/"},{"@type":"ListItem","position":2,"name":"Shop","item":"https:\/\/iutrue.com\/shop\/"},{"@type":"ListItem","position":3,"name":"85 Inch Smart TV"}]},{"@type":"WebSite","@id":"https:\/\/iutrue.com\/#website","url":"https:\/\/iutrue.com\/","name":"iutrue.com","description":"","publisher":{"@id":"https:\/\/iutrue.com\/#organization"},"potentialAction":[{"@type":"SearchAction","target":{"@type":"EntryPoint","urlTemplate":"https:\/\/iutrue.com\/?s={search_term_string}"},"query-input":{"@type":"PropertyValueSpecification","valueRequired":true,"valueName":"search_term_string"}}],"inLanguage":"tr"},{"@type":"Organization","@id":"https:\/\/iutrue.com\/#organization","name":"iutrue.com","url":"https:\/\/iutrue.com\/","logo":{"@type":"ImageObject","inLanguage":"tr","@id":"https:\/\/iutrue.com\/#\/schema\/logo\/image\/","url":"https:\/\/iutrue.com\/wp-content\/uploads\/2025\/03\/iutrue.webp","contentUrl":"https:\/\/iutrue.com\/wp-content\/uploads\/2025\/03\/iutrue.webp","width":1533,"height":578,"caption":"iutrue.com"},"image":{"@id":"https:\/\/iutrue.com\/#\/schema\/logo\/image\/"}}]}},"_links":{"self":[{"href":"https:\/\/iutrue.com\/tr\/wp-json\/wp\/v2\/product\/546","targetHints":{"allow":["GET"]}}],"collection":[{"href":"https:\/\/iutrue.com\/tr\/wp-json\/wp\/v2\/product"}],"about":[{"href":"https:\/\/iutrue.com\/tr\/wp-json\/wp\/v2\/types\/product"}],"replies":[{"embeddable":true,"href":"https:\/\/iutrue.com\/tr\/wp-json\/wp\/v2\/comments?post=546"}],"version-history":[{"count":9,"href":"https:\/\/iutrue.com\/tr\/wp-json\/wp\/v2\/product\/546\/revisions"}],"predecessor-version":[{"id":1529,"href":"https:\/\/iutrue.com\/tr\/wp-json\/wp\/v2\/product\/546\/revisions\/1529"}],"wp:featuredmedia":[{"embeddable":true,"href":"https:\/\/iutrue.com\/tr\/wp-json\/wp\/v2\/media\/547"}],"wp:attachment":[{"href":"https:\/\/iutrue.com\/tr\/wp-json\/wp\/v2\/media?parent=546"}],"wp:term":[{"taxonomy":"product_brand","embeddable":true,"href":"https:\/\/iutrue.com\/tr\/wp-json\/wp\/v2\/product_brand?post=546"},{"taxonomy":"product_cat","embeddable":true,"href":"https:\/\/iutrue.com\/tr\/wp-json\/wp\/v2\/product_cat?post=546"},{"taxonomy":"product_tag","embeddable":true,"href":"https:\/\/iutrue.com\/tr\/wp-json\/wp\/v2\/product_tag?post=546"}],"curies":[{"name":"wp","href":"https:\/\/api.w.org\/{rel}","templated":true}]}}